{"id":822,"date":"2016-11-11T10:46:14","date_gmt":"2016-11-11T10:46:14","guid":{"rendered":"https:\/\/basilia-basel.ch\/?page_id=822"},"modified":"2026-01-28T15:38:15","modified_gmt":"2026-01-28T15:38:15","slug":"die-fuehrungen-2","status":"publish","type":"page","link":"https:\/\/basilia-basel.ch\/?page_id=822","title":{"rendered":"<span style=\"color: #a7c95a;\">Die Stadt-F\u00fchrungen<\/span>"},"content":{"rendered":"<p><img decoding=\"async\" class=\"alignnone size-medium wp-image-1061\" src=\"https:\/\/basilia-basel.ch\/wp-content\/uploads\/Nur-Spuren.jpg\" alt=\"nur-spuren\" \/><\/p>\n<p><span style=\"color: #000000;\"><strong>Auf Basilia&#8217;s Spuren<\/strong><\/span><\/p>\n<table class=\" alignleft\" style=\"width: 100%; border-collapse: collapse; border-style: none; height: 155px;\">\n<tbody>\n<tr style=\"height: 288px;\">\n<td style=\"width: 60.7514%; border-style: none; text-align: left; vertical-align: top; height: 155px;\"><span style=\"color: #000000;\"><strong>Die individuellen Stadtf\u00fchrungen!<br \/>\n<\/strong>Die Stadtf\u00fchrung\u00a0die genau auf Ihre Bed\u00fcrfnisse zugeschnitten ist! Das sind die<strong>Basilia-Touren!<\/strong><\/span><br \/>\nGanz egal, ob Sie zu zweit oder mit 50 Personen unterwegs sind, ob Sie eine halbe oder sechs Stunden Zeit haben und ob Sie zu Fuss, mit \u00f6ffentlichen Verkehrsmitteln, mit dem Fahrrad oder mit anderen Verkehrsmitteln unterwegs sein wollen \u2013 die F\u00fchrung wird auf Ihre Bed\u00fcrfnisse angepasst. An \u00fcber 50 Orten in der Stadt steht ein Basilisk. Vor Ort berichte ich, was dort geschah, spreche \u00fcber Architektur und erz\u00e4hle Anekdoten. Allgemeines, beispielsweise wie Basel zu den Strassennamen und Hausnummerierungen kam, fliesst immer wieder ein. Spezielle Orte und deren Geschichte, wie das \u201eGespenst vom Heuberg (Spiess-Hof)\u201c, kommen ebenfalls nicht zu kurz.<\/td>\n<td style=\"width: 39.2486%; border-style: none; text-align: left; vertical-align: top; height: 155px;\">\n<ul>\n<li>Touren werden individuell zusammengestellt<\/li>\n<li>Vorbereitung in enger Zusammenarbeit mit dem Veranstalter<\/li>\n<li>bei langen Touren werden Pausen eingeplant<\/li>\n<li>Ap\u00e9ro vor und\/oder nach der Tour, nach Wunsch<\/li>\n<li>Zu jeder Tour gibt es nach Wunsch, f\u00fcr die TeilnehmerInnen einen Wettbewerb<\/li>\n<\/ul>\n<\/td>\n<\/tr>\n<\/tbody>\n<\/table>\n<p>&nbsp;<\/p>\n<p>&nbsp;<\/p>\n<p>&nbsp;<\/p>\n<p>&nbsp;<\/p>\n<p>&nbsp;<\/p>\n<p>&nbsp;<\/p>\n<p><a href=\"https:\/\/basilia-basel.ch\/?page_id=955\" target=\"_blank\" rel=\"noopener noreferrer\"><img loading=\"lazy\" decoding=\"async\" class=\"size-full wp-image-1054\" src=\"https:\/\/basilia-basel.ch\/wp-content\/uploads\/Spuren-kl1.jpg\" alt=\"spuren-kl1\" width=\"230\" height=\"153\" \/>\u00a0\u00a0<\/a><img loading=\"lazy\" decoding=\"async\" class=\"wp-image-865 alignleft\" src=\"https:\/\/basilia-basel.ch\/wp-content\/uploads\/2016-11-02-Basiliskenrundgang-Unterer-Rheinweg-107-min-200x300.jpg\" alt=\"2016-11-02-basiliskenrundgang-unterer-rheinweg-107-min\" width=\"139\" height=\"209\" srcset=\"https:\/\/basilia-basel.ch\/wp-content\/uploads\/2016-11-02-Basiliskenrundgang-Unterer-Rheinweg-107-min-200x300.jpg 200w, https:\/\/basilia-basel.ch\/wp-content\/uploads\/2016-11-02-Basiliskenrundgang-Unterer-Rheinweg-107-min-768x1152.jpg 768w, https:\/\/basilia-basel.ch\/wp-content\/uploads\/2016-11-02-Basiliskenrundgang-Unterer-Rheinweg-107-min-683x1024.jpg 683w, https:\/\/basilia-basel.ch\/wp-content\/uploads\/2016-11-02-Basiliskenrundgang-Unterer-Rheinweg-107-min-830x1245.jpg 830w, https:\/\/basilia-basel.ch\/wp-content\/uploads\/2016-11-02-Basiliskenrundgang-Unterer-Rheinweg-107-min-230x345.jpg 230w, https:\/\/basilia-basel.ch\/wp-content\/uploads\/2016-11-02-Basiliskenrundgang-Unterer-Rheinweg-107-min-350x525.jpg 350w\" sizes=\"auto, (max-width: 139px) 100vw, 139px\" \/><\/p>\n<p>&nbsp;<\/p>\n<p><strong>Die Preise:<\/strong><\/p>\n<p>Jede Touren ist anders und individuell daher ist gibt es keine festen Preise. Die Kosten stellen sich aus der veranschlagten Zeit und der Anzahl Personen zusammen.<br \/>\nNach einer ers<\/p>\n<p>ten Kontaktaufnahme erstelle ich gerne eine Offerte.<\/p>\n<p><strong>Die Organisation<\/strong><br \/>\nNat\u00fcrlich helfe ich gerne bei der Organisation des Events. Ich stelle mit Ihnen den Tourenplan zusammen, sage Ihnen wo wir Pausen einlegen k\u00f6nnen und wo am besten Start und Ziel liegen.<br \/>\nDie Tour stimme ich auch auf Ihre Firma, Ihren Club, Ihren Verein usw. ab. So erz\u00e4hle ich zum Beispiel die Geschichte Ihres Zunfthauses oder gehe, wo M\u00f6glich, auf die Geschichte Ihres Vereins oder Ihrer Firma ein.<\/p>\n<p><strong>Sind Sie nicht mobil?<\/strong><br \/>\nBuchen Sie Ihre \u201eStation\u00e4re Tour\u201d Mithilfe von PowerPoint und Filmchen erleben Sie eine F\u00fch-rung mit vielen Erkl\u00e4rungen zu den Orten, die Sie selbst bestimmen. Auch hier k\u00f6nnen Sie die L\u00e4nge der Tour und die Orte, die Sie interessieren, selbst bestimmen.<\/p>\n<p><a href=\"https:\/\/basilia-basel.ch\/?page_id=1468\" target=\"_blank\" rel=\"noopener\">Nehmen Sie Kontakt mit mir auf<\/a><\/p>\n<p><span style=\"color: #000000;\"><strong><strong style=\"color: #333333;\"><a href=\"https:\/\/basilia-basel.ch\/?page_id=955\" target=\"_blank\" rel=\"noopener noreferrer\">Eindr\u00fccke bereits durchgef\u00fchrter Stadtf\u00fchrungen<\/a><\/strong><\/strong><\/span><\/p>\n<table style=\"border-collapse: collapse; width: 100%; height: 104px;\">\n<tbody>\n<tr style=\"height: 104px;\">\n<td style=\"width: 50%; height: 104px;\"><a href=\"wp-content\/uploads\/Plan-der-Tour-kurz.jpg\" target=\"_blank\" rel=\"noopener noreferrer\">Beispiel einer &#8218;kurzen&#8216; Tour<\/a><strong style=\"color: #000000;\"><br style=\"color: #333333;\" \/><a href=\"wp-content\/uploads\/Plan-der-Tour-kurz.jpg\" target=\"_blank\" rel=\"noopener noreferrer\"><span style=\"color: #333333;\"><img decoding=\"async\" class=\"alignnone wp-image-112\" src=\"wp-content\/uploads\/Plan-der-Tour-kurz-k.jpg\" alt=\"kurz\" \/><\/span><\/a><\/strong><\/td>\n<td style=\"width: 50%; height: 104px;\"><a href=\"wp-content\/uploads\/Plan-der-Tour-lang.jpg\">Beispiel einer &#8218;langen&#8216; Tour<\/a><br \/>\n<a href=\"wp-content\/uploads\/Plan-der-Tour-lang.jpg\"><img decoding=\"async\" class=\"alignnone wp-image-112\" src=\"wp-content\/uploads\/Plan-der-Tour-lang-k.jpg\" alt=\"lang\" \/><\/a><\/td>\n<\/tr>\n<\/tbody>\n<\/table>\n<p style=\"text-align: right;\"><strong><br \/>\n<a href=\"https:\/\/basilia-basel.ch\/?page_id=1468\" target=\"_blank\" rel=\"noopener\">Kontakt<\/a><\/strong><\/p>\n ","protected":false},"excerpt":{"rendered":"<p>Auf Basilia&#8217;s Spuren Die individuellen Stadtf\u00fchrungen! Die Stadtf\u00fchrung\u00a0die genau auf Ihre Bed\u00fcrfnisse zugeschnitten ist! Das sind dieBasilia-Touren! Ganz egal, ob Sie zu [&hellip;]<\/p>\n","protected":false},"author":1,"featured_media":51,"parent":0,"menu_order":0,"comment_status":"open","ping_status":"closed","template":"","meta":{"footnotes":""},"class_list":["post-822","page","type-page","status-publish","has-post-thumbnail","hentry"],"_links":{"self":[{"href":"https:\/\/basilia-basel.ch\/index.php?rest_route=\/wp\/v2\/pages\/822","targetHints":{"allow":["GET"]}}],"collection":[{"href":"https:\/\/basilia-basel.ch\/index.php?rest_route=\/wp\/v2\/pages"}],"about":[{"href":"https:\/\/basilia-basel.ch\/index.php?rest_route=\/wp\/v2\/types\/page"}],"author":[{"embeddable":true,"href":"https:\/\/basilia-basel.ch\/index.php?rest_route=\/wp\/v2\/users\/1"}],"replies":[{"embeddable":true,"href":"https:\/\/basilia-basel.ch\/index.php?rest_route=%2Fwp%2Fv2%2Fcomments&post=822"}],"version-history":[{"count":210,"href":"https:\/\/basilia-basel.ch\/index.php?rest_route=\/wp\/v2\/pages\/822\/revisions"}],"predecessor-version":[{"id":1581,"href":"https:\/\/basilia-basel.ch\/index.php?rest_route=\/wp\/v2\/pages\/822\/revisions\/1581"}],"wp:featuredmedia":[{"embeddable":true,"href":"https:\/\/basilia-basel.ch\/index.php?rest_route=\/wp\/v2\/media\/51"}],"wp:attachment":[{"href":"https:\/\/basilia-basel.ch\/index.php?rest_route=%2Fwp%2Fv2%2Fmedia&parent=822"}],"curies":[{"name":"wp","href":"https:\/\/api.w.org\/{rel}","templated":true}]}}