{"id":68,"date":"2015-05-20T12:23:25","date_gmt":"2015-05-20T12:23:25","guid":{"rendered":"https:\/\/basilia-basel.ch\/?page_id=68"},"modified":"2020-05-15T09:45:57","modified_gmt":"2020-05-15T09:45:57","slug":"der-autor","status":"publish","type":"page","link":"https:\/\/basilia-basel.ch\/?page_id=68","title":{"rendered":"<span style=\"color: #a7c95a;\">Der Autor<\/span>"},"content":{"rendered":"<p><strong>Philip Karger<\/strong> ist in Basel geboren und lebte die meiste Zeit in der Stadt, die er als &#8217;seine Stadt&#8216; bezeichnet.<br \/>\nMit seinen 4 Kinderb\u00fcchern: &#8222;Freddy lernt schwimmen&#8220;; &#8222;Freddy der Elefantenschreck&#8220;; &#8222;Freddy und der stinkende Streich&#8220; und &#8222;Freddy rettet Blacky&#8220;, konnte er in den Jahren 2006 &#8211; 2010 bereits erste Erfolge als Autor verzeichnen. In seinem neusten Buch &#8222;Jaakovs Auszug&#8220; erz\u00e4hlt ein Esel die Geschichte vom Auszug der Juden aus \u00c4gypten aus dessen Sicht. 2010 war der Autor massgebend an der Entstehung des Comics, &#8222;Unsere Universit\u00e4t, der Comic zur Gr\u00fcndung der Universit\u00e4t Basel 1460&#8220; beteiligt.<\/p>\n<p>Mit diesem Buch &#8222;Basilia. Eine Basiliskin entdeckt Basel&#8220; schafft der Autor den Sprung in die Familien-Erwachsenenliteratur dabei bleibt er bei seiner bekannt fantasievollen Erz\u00e4hlweise.<\/p>\n<p><a><img loading=\"lazy\" decoding=\"async\" class=\"alignnone size-medium wp-image-129\" src=\"https:\/\/basilia-basel.ch\/wp-content\/uploads\/2015\/05\/Strassenschild-300x68.jpg\" alt=\"Strassenschild\" width=\"300\" height=\"68\" srcset=\"https:\/\/basilia-basel.ch\/wp-content\/uploads\/2015\/05\/Strassenschild-300x68.jpg 300w, https:\/\/basilia-basel.ch\/wp-content\/uploads\/2015\/05\/Strassenschild-1024x234.jpg 1024w, https:\/\/basilia-basel.ch\/wp-content\/uploads\/2015\/05\/Strassenschild-830x189.jpg 830w, https:\/\/basilia-basel.ch\/wp-content\/uploads\/2015\/05\/Strassenschild-550x125.jpg 550w, https:\/\/basilia-basel.ch\/wp-content\/uploads\/2015\/05\/Strassenschild-230x52.jpg 230w\" sizes=\"auto, (max-width: 300px) 100vw, 300px\" \/><\/a><\/p>\n<h6>Strassenschild beim Bundesplatz<\/h6>\n ","protected":false},"excerpt":{"rendered":"<p>Philip Karger ist in Basel geboren und lebte die meiste Zeit in der Stadt, die er als &#8217;seine Stadt&#8216; bezeichnet. Mit seinen [&hellip;]<\/p>\n","protected":false},"author":1,"featured_media":0,"parent":0,"menu_order":0,"comment_status":"open","ping_status":"closed","template":"","meta":{"footnotes":""},"class_list":["post-68","page","type-page","status-publish","hentry"],"_links":{"self":[{"href":"https:\/\/basilia-basel.ch\/index.php?rest_route=\/wp\/v2\/pages\/68","targetHints":{"allow":["GET"]}}],"collection":[{"href":"https:\/\/basilia-basel.ch\/index.php?rest_route=\/wp\/v2\/pages"}],"about":[{"href":"https:\/\/basilia-basel.ch\/index.php?rest_route=\/wp\/v2\/types\/page"}],"author":[{"embeddable":true,"href":"https:\/\/basilia-basel.ch\/index.php?rest_route=\/wp\/v2\/users\/1"}],"replies":[{"embeddable":true,"href":"https:\/\/basilia-basel.ch\/index.php?rest_route=%2Fwp%2Fv2%2Fcomments&post=68"}],"version-history":[{"count":12,"href":"https:\/\/basilia-basel.ch\/index.php?rest_route=\/wp\/v2\/pages\/68\/revisions"}],"predecessor-version":[{"id":1281,"href":"https:\/\/basilia-basel.ch\/index.php?rest_route=\/wp\/v2\/pages\/68\/revisions\/1281"}],"wp:attachment":[{"href":"https:\/\/basilia-basel.ch\/index.php?rest_route=%2Fwp%2Fv2%2Fmedia&parent=68"}],"curies":[{"name":"wp","href":"https:\/\/api.w.org\/{rel}","templated":true}]}}