{"id":313,"date":"2015-06-05T14:24:18","date_gmt":"2015-06-05T14:24:18","guid":{"rendered":"https:\/\/basilia-basel.ch\/?page_id=313"},"modified":"2023-01-22T15:53:44","modified_gmt":"2023-01-22T15:53:44","slug":"bestellung","status":"publish","type":"page","link":"https:\/\/basilia-basel.ch\/?page_id=313","title":{"rendered":"<span style=\"color: #a7c95a;\">Buch Bestellung<\/span>"},"content":{"rendered":"<table>\n<tbody>\n<tr>\n<td style=\"width: 142.8px;\"><a href=\"https:\/\/basilia-basel.ch\/wp-content\/uploads\/Buch.png\"><img decoding=\"async\" class=\"alignnone wp-image-112\" src=\"https:\/\/basilia-basel.ch\/wp-content\/uploads\/Buch.png\" alt=\"Buch\" width=\"120\" \/><\/a><\/td>\n<td style=\"width: 178.5px; text-align: right; vertical-align: top;\">\u00a9Copyright<br \/>\nAutor<br \/>\nGestaltung &amp; Illustrationen<br \/>\nFotos<br \/>\nVerlag<br \/>\nISBN<\/td>\n<td style=\"width: 357px; text-align: left; vertical-align: top;\">PK-Vision, 2015<br \/>\nPhilip Karger<br \/>\nClaudia Winter<br \/>\nPhilip Karger<br \/>\nPK-Vision \/ 140 Seiten, 48 Abbildungen<br \/>\n978\u20133\u2013033\u201305055\u20136<\/td>\n<\/tr>\n<\/tbody>\n<\/table>\n<h3 style=\"text-align: center;\"><span style=\"color: #008000;\"><strong>&#8230;<\/strong> Preis Pro Buch: <strong>CHF 19.80<br \/>\n<\/strong><span style=\"font-size: 10pt;\"><span style=\"font-size: 12pt;\">zus\u00e4tzlich:<\/span><strong><span style=\"font-size: 12pt;\"> Porto und Versand CHF 5.00 &#8230;<\/span><br \/>\n<\/strong><\/span><\/span><span style=\"font-size: 10pt;\">Das Buch kann in jeder Buchhandlung bestellt werden (Preise und Bestellduaer k\u00f6nnen variieren)<\/span><\/h3>\n<p>&nbsp;<\/p>\n<p><a href=\"#text\">Zum Buchr\u00fccken-Text<\/a><\/p>\n<p>Bestellung per Telefon: -&gt; 061 303 25 00<br \/>\noder Bestellung per Formular:<\/p>\n<div id=\"start\">\n<div class=\"wpcf7 no-js\" id=\"wpcf7-f1513-o1\" lang=\"de-DE\" dir=\"ltr\" data-wpcf7-id=\"1513\">\n<div class=\"screen-reader-response\"><p role=\"status\" aria-live=\"polite\" aria-atomic=\"true\"><\/p> <ul><\/ul><\/div>\n<form action=\"\/index.php?rest_route=%2Fwp%2Fv2%2Fpages%2F313#wpcf7-f1513-o1\" method=\"post\" class=\"wpcf7-form init\" aria-label=\"Kontaktformular\" novalidate=\"novalidate\" data-status=\"init\">\n<fieldset class=\"hidden-fields-container\"><input type=\"hidden\" name=\"_wpcf7\" value=\"1513\" \/><input type=\"hidden\" name=\"_wpcf7_version\" value=\"6.1.4\" \/><input type=\"hidden\" name=\"_wpcf7_locale\" value=\"de_DE\" \/><input type=\"hidden\" name=\"_wpcf7_unit_tag\" value=\"wpcf7-f1513-o1\" \/><input type=\"hidden\" name=\"_wpcf7_container_post\" value=\"0\" \/><input type=\"hidden\" name=\"_wpcf7_posted_data_hash\" value=\"\" \/>\n<\/fieldset>\n<p><label> Anzahl B\u00fccher<br \/>\n<span class=\"wpcf7-form-control-wrap\" data-name=\"number-372\"><input class=\"wpcf7-form-control wpcf7-number wpcf7-validates-as-required wpcf7-validates-as-number\" aria-required=\"true\" aria-invalid=\"false\" value=\"\" type=\"number\" name=\"number-372\" \/><\/span> <\/label>\n<\/p>\n<p>Anrede<br \/>\n<span class=\"wpcf7-form-control-wrap\" data-name=\"radio-490\"><span class=\"wpcf7-form-control wpcf7-radio\"><span class=\"wpcf7-list-item first\"><label><input type=\"radio\" name=\"radio-490\" value=\"Herr\" checked=\"checked\" \/><span class=\"wpcf7-list-item-label\">Herr<\/span><\/label><\/span><span class=\"wpcf7-list-item\"><label><input type=\"radio\" name=\"radio-490\" value=\"Frau\" \/><span class=\"wpcf7-list-item-label\">Frau<\/span><\/label><\/span><span class=\"wpcf7-list-item last\"><label><input type=\"radio\" name=\"radio-490\" value=\"Andere\" \/><span class=\"wpcf7-list-item-label\">Andere<\/span><\/label><\/span><\/span><\/span>\n<\/p>\n<p><label> Vorname und Name<br \/>\n<span class=\"wpcf7-form-control-wrap\" data-name=\"textarea-696\"><textarea cols=\"40\" rows=\"10\" maxlength=\"2000\" class=\"wpcf7-form-control wpcf7-textarea wpcf7-validates-as-required\" aria-required=\"true\" aria-invalid=\"false\" name=\"textarea-696\"><\/textarea><\/span> <\/label>\n<\/p>\n<p><label> Strasse<br \/>\n<span class=\"wpcf7-form-control-wrap\" data-name=\"textarea-697\"><textarea cols=\"40\" rows=\"10\" maxlength=\"2000\" class=\"wpcf7-form-control wpcf7-textarea wpcf7-validates-as-required\" aria-required=\"true\" aria-invalid=\"false\" name=\"textarea-697\"><\/textarea><\/span> <\/label>\n<\/p>\n<p><label> Postfach<br \/>\n<span class=\"wpcf7-form-control-wrap\" data-name=\"textarea-698\"><textarea cols=\"40\" rows=\"10\" maxlength=\"2000\" class=\"wpcf7-form-control wpcf7-textarea\" aria-invalid=\"false\" name=\"textarea-698\"><\/textarea><\/span> <\/label>\n<\/p>\n<p><label> PLZ \/ Ort<br \/>\n<span class=\"wpcf7-form-control-wrap\" data-name=\"textarea-699\"><textarea cols=\"40\" rows=\"10\" maxlength=\"2000\" class=\"wpcf7-form-control wpcf7-textarea\" aria-invalid=\"false\" name=\"textarea-699\"><\/textarea><\/span> <\/label>\n<\/p>\n<p><label> E-Mail-Adresse<br \/>\n<span class=\"wpcf7-form-control-wrap\" data-name=\"your-email\"><input size=\"40\" maxlength=\"400\" class=\"wpcf7-form-control wpcf7-email wpcf7-validates-as-required wpcf7-text wpcf7-validates-as-email\" autocomplete=\"email\" aria-required=\"true\" aria-invalid=\"false\" value=\"\" type=\"email\" name=\"your-email\" \/><\/span> <\/label>\n<\/p>\n<p><label> Deine Nachricht (optional)<br \/>\n<span class=\"wpcf7-form-control-wrap\" data-name=\"your-message\"><textarea cols=\"40\" rows=\"10\" maxlength=\"2000\" class=\"wpcf7-form-control wpcf7-textarea\" aria-invalid=\"false\" name=\"your-message\"><\/textarea><\/span> <\/label>\n<\/p>\n<p><span class=\"wpcf7-form-control-wrap\" data-name=\"checkbox-883\"><span class=\"wpcf7-form-control wpcf7-checkbox wpcf7-validates-as-required\"><span class=\"wpcf7-list-item first last\"><label><input type=\"checkbox\" name=\"checkbox-883[]\" value=\"Ich bin mit Porto und Versandkosten von CHF 5.00 einverstanden\" \/><span class=\"wpcf7-list-item-label\">Ich bin mit Porto und Versandkosten von CHF 5.00 einverstanden<\/span><\/label><\/span><\/span><\/span>\n<\/p>\n<p><input class=\"wpcf7-form-control wpcf7-submit has-spinner\" type=\"submit\" value=\"Senden\" \/>\n<\/p><div class=\"wpcf7-response-output\" aria-hidden=\"true\"><\/div>\n<\/form>\n<\/div>\n<\/div>\n<div id=\"text\">\u2026<\/div>\n<h5>Buchr\u00fcckentext<\/h5>\n<p>Das Buch handelt von einer Basiliskin, die in der heutigen Zeit in Basel auftaucht. Ratten und M\u00e4use fi nden unter dem Gerberbrunnen ein blaues Ei und br\u00fcten es aus. Aus dem Ei schl\u00fcpft ein Basilisk, der schnell w\u00e4chst und darum an die Oberfl \u00e4che muss. Eine alte Ratte schickt die Basiliskin zu einer Kauzdame, die in einem Baum auf dem Petersplatz wohnt. Diese nimmt sich der Basiliskin an, die ihre Verwandten in der Stadt Basel kennenlernen will. Zusammen machen sie einen Plan, wie die Basiliskin alle Basiliskenbilder, -brunnen, -reliefs usw. in der Stadt besuchen kann. Beim ersten Besuch eines Basilisken fi ndet Basilia heraus, dass der Basilisk zum Leben erweckt wird, wenn sie ihn mit der Zunge ber\u00fchrt. Als Gegenleistung, dass der jeweils erweckte Basilisk losfl iegen und seine Freiheit f\u00fcr eine Nacht geniessen kann, muss er erz\u00e4hlen, was an seinem Standort speziell ist wie z.B. Strassen- oder Quartiernamen, spezielle Geb\u00e4ude, Geschehnisse usw. So erf\u00e4hrt die Leserschaft spielerisch einiges \u00fcber Basel und seine Geschichte.<\/p>\n<p>Die Idee zu Basilia, eine Basiliskin entdeckt Basel entstand aus der Erkenntnis, dass Baslerinnen und Basler (inkl. dem Autor) von Jung bis Alt relativ wenig \u00fcber ihre Stadt wissen. Fragen wie \u00abWarum heisst die Falknerstrasse so?\u00bb oder \u00abWas ist die Geschichte hinter dem Els\u00e4sserdenkmal?\u00bb werden in diesem Werk beantwortet. Der Autor vermittelt dieses Wissen auf fantasievolle, spielerische Weise.<br \/>\n<a href=\"#start\">nach Oben<\/a><\/p>\n ","protected":false},"excerpt":{"rendered":"<p>\u00a9Copyright Autor Gestaltung &amp; Illustrationen Fotos Verlag ISBN PK-Vision, 2015 Philip Karger Claudia Winter Philip Karger PK-Vision \/ 140 Seiten, 48 Abbildungen [&hellip;]<\/p>\n","protected":false},"author":1,"featured_media":0,"parent":0,"menu_order":0,"comment_status":"closed","ping_status":"closed","template":"","meta":{"footnotes":""},"class_list":["post-313","page","type-page","status-publish","hentry"],"_links":{"self":[{"href":"https:\/\/basilia-basel.ch\/index.php?rest_route=\/wp\/v2\/pages\/313","targetHints":{"allow":["GET"]}}],"collection":[{"href":"https:\/\/basilia-basel.ch\/index.php?rest_route=\/wp\/v2\/pages"}],"about":[{"href":"https:\/\/basilia-basel.ch\/index.php?rest_route=\/wp\/v2\/types\/page"}],"author":[{"embeddable":true,"href":"https:\/\/basilia-basel.ch\/index.php?rest_route=\/wp\/v2\/users\/1"}],"replies":[{"embeddable":true,"href":"https:\/\/basilia-basel.ch\/index.php?rest_route=%2Fwp%2Fv2%2Fcomments&post=313"}],"version-history":[{"count":99,"href":"https:\/\/basilia-basel.ch\/index.php?rest_route=\/wp\/v2\/pages\/313\/revisions"}],"predecessor-version":[{"id":1545,"href":"https:\/\/basilia-basel.ch\/index.php?rest_route=\/wp\/v2\/pages\/313\/revisions\/1545"}],"wp:attachment":[{"href":"https:\/\/basilia-basel.ch\/index.php?rest_route=%2Fwp%2Fv2%2Fmedia&parent=313"}],"curies":[{"name":"wp","href":"https:\/\/api.w.org\/{rel}","templated":true}]}}