{"id":1321,"date":"2021-03-11T17:21:24","date_gmt":"2021-03-11T17:21:24","guid":{"rendered":"https:\/\/basilia-basel.ch\/?page_id=1321"},"modified":"2021-03-13T15:10:10","modified_gmt":"2021-03-13T15:10:10","slug":"liste-aller-basilisken-weltweit","status":"publish","type":"page","link":"https:\/\/basilia-basel.ch\/?page_id=1321","title":{"rendered":"Basilisken Weltweit"},"content":{"rendered":"<p>Diese Liste ist sicher nicht abgeschlossen. Bei jeder Meldung unter: <a href=\"https:\/\/basilia-basel.ch\/?page_id=300\" target=\"_blank\" rel=\"noopener\">Basilisk melden<\/a> wird diese Liste erg\u00e4nzt.<\/p>\n<p>Die Liste kann hier auch heruntergeladen und dann sortiert werden: <a href=\"https:\/\/basilia-basel.ch\/wp-content\/uploads\/Basilisken-Liste-Excel-1.xlsx\" target=\"_blank\" rel=\"noopener\">Basilisken-Liste-Excel<\/a><\/p>\n<p>&#8212;&#8211;<\/p>\n<p>BF = Basilisk-Figur, BB= Basiliskenbrunnen, BrB= Brunnen mit Basilisk, \u00d6 = \u00d6ffentlich P = Privat<\/p>\n<table width=\"713\">\n<tbody>\n<tr>\n<td width=\"37\">Art<\/td>\n<td width=\"360\">Adresse<\/td>\n<td width=\"80\">Was<\/td>\n<td width=\"185\">Wo<\/td>\n<td width=\"51\">Buch: Seite<\/td>\n<\/tr>\n<tr>\n<td width=\"37\"><\/td>\n<td width=\"360\"><strong>Im Buch<\/strong><\/td>\n<td width=\"80\"><\/td>\n<td width=\"185\"><\/td>\n<td width=\"51\"><\/td>\n<\/tr>\n<tr>\n<td width=\"37\">BF<\/td>\n<td width=\"360\">Gewerbemuseum, Seite Petersgraben<\/td>\n<td width=\"80\">\u00d6<\/td>\n<td width=\"185\">Basel<\/td>\n<td width=\"51\">19<\/td>\n<\/tr>\n<tr>\n<td width=\"37\">BF<\/td>\n<td width=\"360\">Eingang Vesalgasse, Seite Spalenvortsadt<\/td>\n<td width=\"80\">\u00d6<\/td>\n<td width=\"185\">Basel<\/td>\n<td width=\"51\">12<\/td>\n<\/tr>\n<tr>\n<td width=\"37\">BF<\/td>\n<td width=\"360\">Spalenvorstadt-Einfahrt Feuerwehr<\/td>\n<td width=\"80\">\u00d6<\/td>\n<td width=\"185\">Basel<\/td>\n<td width=\"51\">13<\/td>\n<\/tr>\n<tr>\n<td width=\"37\">BF<\/td>\n<td width=\"360\">Sch\u00fctzenmattstrasse 35<\/td>\n<td width=\"80\">\u00d6<\/td>\n<td width=\"185\">Basel<\/td>\n<td width=\"51\">15<\/td>\n<\/tr>\n<tr>\n<td width=\"37\">BF<\/td>\n<td width=\"360\">Strassenschild, Weiherweg<\/td>\n<td width=\"80\">\u00d6<\/td>\n<td width=\"185\">Basel<\/td>\n<td width=\"51\">14<\/td>\n<\/tr>\n<tr>\n<td width=\"37\">BB<\/td>\n<td width=\"360\">Colmarerstrasse &#8211; Hegenheimerstrasse<\/td>\n<td width=\"80\">\u00d6<\/td>\n<td width=\"185\">Basel<\/td>\n<td width=\"51\">12<\/td>\n<\/tr>\n<tr>\n<td width=\"37\">BB<\/td>\n<td width=\"360\">Burgfelderstrasse, vor Kannenfeldpark<\/td>\n<td width=\"80\">\u00d6<\/td>\n<td width=\"185\">Basel<\/td>\n<td width=\"51\">8<\/td>\n<\/tr>\n<tr>\n<td width=\"37\">BF<\/td>\n<td width=\"360\">St. Johannstor, Seite Els\u00e4sserstrasse<\/td>\n<td width=\"80\">\u00d6<\/td>\n<td width=\"185\">Basel<\/td>\n<td width=\"51\">20<\/td>\n<\/tr>\n<tr>\n<td width=\"37\">BB<\/td>\n<td width=\"360\">Els\u00e4sserrheinweg &#8211; Schiffsanlegeplatz<\/td>\n<td width=\"80\">\u00d6<\/td>\n<td width=\"185\">Basel<\/td>\n<td width=\"51\">23<\/td>\n<\/tr>\n<tr>\n<td width=\"37\">BB<\/td>\n<td width=\"360\">Els\u00e4sserstrasse &#8211; Tramschlaufe<\/td>\n<td width=\"80\">\u00d6<\/td>\n<td width=\"185\">Basel<\/td>\n<td width=\"51\">14<\/td>\n<\/tr>\n<tr>\n<td width=\"37\">BB<\/td>\n<td width=\"360\">Entenweidstrasse- Gasstrasse<\/td>\n<td width=\"80\">\u00d6<\/td>\n<td width=\"185\">Basel<\/td>\n<td width=\"51\">26<\/td>\n<\/tr>\n<tr>\n<td width=\"37\">BB<\/td>\n<td width=\"360\">Burgfelderstrasse &#8211; Waldighoferstrasse<\/td>\n<td width=\"80\">\u00d6<\/td>\n<td width=\"185\">Basel<\/td>\n<td width=\"51\">2<\/td>\n<\/tr>\n<tr>\n<td width=\"37\">BB<\/td>\n<td width=\"360\">Sch\u00fctzenmattpark, beim Bundesplatz<\/td>\n<td width=\"80\">\u00d6<\/td>\n<td width=\"185\">Basel<\/td>\n<td width=\"51\">1<\/td>\n<\/tr>\n<tr>\n<td width=\"37\">BF<\/td>\n<td width=\"360\">Strassenschild, Bundesplatz<\/td>\n<td width=\"80\">\u00d6<\/td>\n<td width=\"185\">Basel<\/td>\n<td width=\"51\">18<\/td>\n<\/tr>\n<tr>\n<td width=\"37\">BB<\/td>\n<td width=\"360\">Steinenring 46<\/td>\n<td width=\"80\">\u00d6<\/td>\n<td width=\"185\">Basel<\/td>\n<td width=\"51\">28<\/td>\n<\/tr>\n<tr>\n<td width=\"37\">BF<\/td>\n<td width=\"360\">T\u00fcrme, Bahnhof SBB<\/td>\n<td width=\"80\">\u00d6<\/td>\n<td width=\"185\">Basel<\/td>\n<td width=\"51\">11<\/td>\n<\/tr>\n<tr>\n<td width=\"37\">BB<\/td>\n<td width=\"360\">Bruderholzallee &#8211; Oberer Batterieweg<\/td>\n<td width=\"80\">\u00d6<\/td>\n<td width=\"185\">Basel<\/td>\n<td width=\"51\">24<\/td>\n<\/tr>\n<tr>\n<td width=\"37\">BB<\/td>\n<td width=\"360\">Bruderholzallee &#8211; Fritz Hauser-Strasse<\/td>\n<td width=\"80\">\u00d6<\/td>\n<td width=\"185\">Basel<\/td>\n<td width=\"51\">11<\/td>\n<\/tr>\n<tr>\n<td width=\"37\">BB<\/td>\n<td width=\"360\">St. Jakobs-Strasse &#8211; Sevogelstrasse<\/td>\n<td width=\"80\">\u00d6<\/td>\n<td width=\"185\">Basel<\/td>\n<td width=\"51\">5<\/td>\n<\/tr>\n<tr>\n<td width=\"37\">BB<\/td>\n<td width=\"360\">Hardstrasse &#8211; Grellingerstrasse<\/td>\n<td width=\"80\">\u00d6<\/td>\n<td width=\"185\">Basel<\/td>\n<td width=\"51\">9<\/td>\n<\/tr>\n<tr>\n<td width=\"37\">BB<\/td>\n<td width=\"360\">Engelgasse &#8211; St. Alban-Ring<\/td>\n<td width=\"80\">\u00d6<\/td>\n<td width=\"185\">Basel<\/td>\n<td width=\"51\">13<\/td>\n<\/tr>\n<tr>\n<td width=\"37\">BF<\/td>\n<td width=\"360\">Br\u00fcckenw\u00e4chter, Wettsteinbr\u00fccke<\/td>\n<td width=\"80\">\u00d6<\/td>\n<td width=\"185\">Basel<\/td>\n<td width=\"51\">4<\/td>\n<\/tr>\n<tr>\n<td width=\"37\">BB<\/td>\n<td width=\"360\">Schaffhauserrheinweg &#8211; Fischerweg<\/td>\n<td width=\"80\">\u00d6<\/td>\n<td width=\"185\">Basel<\/td>\n<td width=\"51\">22<\/td>\n<\/tr>\n<tr>\n<td width=\"37\">BF<\/td>\n<td width=\"360\">Clubhaus der Wasserfahrer, Oberen Rheinweg<\/td>\n<td width=\"80\">\u00d6<\/td>\n<td width=\"185\">Basel<\/td>\n<td width=\"51\">5<\/td>\n<\/tr>\n<tr>\n<td width=\"37\">BB<\/td>\n<td width=\"360\">Oberer Rheinweg &#8211; Reverenzg\u00e4sslein<\/td>\n<td width=\"80\">\u00d6<\/td>\n<td width=\"185\">Basel<\/td>\n<td width=\"51\">21<\/td>\n<\/tr>\n<tr>\n<td width=\"37\">BB<\/td>\n<td width=\"360\">Hammerstrasse &#8211; Clarahofweg<\/td>\n<td width=\"80\">\u00d6<\/td>\n<td width=\"185\">Basel<\/td>\n<td width=\"51\">4<\/td>\n<\/tr>\n<tr>\n<td width=\"37\">BB<\/td>\n<td width=\"360\">Klingeltalstrasse 1<\/td>\n<td width=\"80\">\u00d6<\/td>\n<td width=\"185\">Basel<\/td>\n<td width=\"51\">16<\/td>\n<\/tr>\n<tr>\n<td width=\"37\">BF<\/td>\n<td width=\"360\">Hotel Basilisk Terrasse<\/td>\n<td width=\"80\">\u00d6<\/td>\n<td width=\"185\">Basel<\/td>\n<td width=\"51\">8<\/td>\n<\/tr>\n<tr>\n<td width=\"37\">BF<\/td>\n<td width=\"360\">Kassernenstrasse 32<\/td>\n<td width=\"80\">\u00d6<\/td>\n<td width=\"185\">Basel<\/td>\n<td width=\"51\">17<\/td>\n<\/tr>\n<tr>\n<td width=\"37\">BB<\/td>\n<td width=\"360\">Unterer Rheinweg &#8211; Klingentalgraben<\/td>\n<td width=\"80\">\u00d6<\/td>\n<td width=\"185\">Basel<\/td>\n<td width=\"51\">17<\/td>\n<\/tr>\n<tr>\n<td width=\"37\">BB<\/td>\n<td width=\"360\">Feldbergstrasse &#8211; M\u00fcllheimerstrasse<\/td>\n<td width=\"80\">\u00d6<\/td>\n<td width=\"185\">Basel<\/td>\n<td width=\"51\">7<\/td>\n<\/tr>\n<tr>\n<td width=\"37\">BB<\/td>\n<td width=\"360\">Bl\u00e4siring &#8211; Hammerstrasse<\/td>\n<td width=\"80\">\u00d6<\/td>\n<td width=\"185\">Basel<\/td>\n<td width=\"51\">10<\/td>\n<\/tr>\n<tr>\n<td width=\"37\">BF<\/td>\n<td width=\"360\">Br\u00fcckenw\u00e4chter, Parkplatz Lange Erlen<\/td>\n<td width=\"80\">\u00d6<\/td>\n<td width=\"185\">Basel<\/td>\n<td width=\"51\">6<\/td>\n<\/tr>\n<tr>\n<td width=\"37\">BB<\/td>\n<td width=\"360\">Tierpark Lange Erlen<\/td>\n<td width=\"80\">\u00d6<\/td>\n<td width=\"185\">Basel<\/td>\n<td width=\"51\">19<\/td>\n<\/tr>\n<tr>\n<td width=\"37\">BB<\/td>\n<td width=\"360\">Freiburgerstrasse &#8211; Wieseufer<\/td>\n<td width=\"80\">\u00d6<\/td>\n<td width=\"185\">Basel<\/td>\n<td width=\"51\">18<\/td>\n<\/tr>\n<tr>\n<td width=\"37\">BB<\/td>\n<td width=\"360\">Wiesenplatz &#8211; Seite F\u00e4rberstrasse<\/td>\n<td width=\"80\">\u00d6<\/td>\n<td width=\"185\">Basel<\/td>\n<td width=\"51\">27<\/td>\n<\/tr>\n<tr>\n<td width=\"37\">BB<\/td>\n<td width=\"360\">Kleinh\u00fcningerstrasse &#8211; Klybeckstrass<\/td>\n<td width=\"80\">\u00d6<\/td>\n<td width=\"185\">Basel<\/td>\n<td width=\"51\">3<\/td>\n<\/tr>\n<tr>\n<td width=\"37\">BB<\/td>\n<td width=\"360\">Unterer Rheinweg &#8211; Oetlingerstrasse<\/td>\n<td width=\"80\">\u00d6<\/td>\n<td width=\"185\">Basel<\/td>\n<td width=\"51\">6<\/td>\n<\/tr>\n<tr>\n<td width=\"37\">BB<\/td>\n<td width=\"360\">Totentanz &#8211; Seite St. Johanns-Vorstadt<\/td>\n<td width=\"80\">\u00d6<\/td>\n<td width=\"185\">Basel<\/td>\n<td width=\"51\">15<\/td>\n<\/tr>\n<tr>\n<td width=\"37\">BF<\/td>\n<td width=\"360\">Erster Giebel, Vordere Kanzlei vom Rathaus<\/td>\n<td width=\"80\">\u00d6<\/td>\n<td width=\"185\">Basel<\/td>\n<td width=\"51\">16<\/td>\n<\/tr>\n<tr>\n<td width=\"37\">BF<\/td>\n<td width=\"360\">Wappenschild am Rathaus<\/td>\n<td width=\"80\">\u00d6<\/td>\n<td width=\"185\">Basel<\/td>\n<td width=\"51\">2<\/td>\n<\/tr>\n<tr>\n<td width=\"37\">BF<\/td>\n<td width=\"360\">Tor Eingang Kreuzgang Staatsarchiv<\/td>\n<td width=\"80\">\u00d6<\/td>\n<td width=\"185\">Basel<\/td>\n<td width=\"51\">1<\/td>\n<\/tr>\n<tr>\n<td width=\"37\">BrB<\/td>\n<td width=\"360\">Augustinerbrunnen, Augustinergasse<\/td>\n<td width=\"80\">\u00d6<\/td>\n<td width=\"185\">Basel<\/td>\n<td width=\"51\">9<\/td>\n<\/tr>\n<tr>\n<td width=\"37\">BrB<\/td>\n<td width=\"360\">Dreizackbrunnen, Freie Strasse &#8211; M\u00fcnsterberg<\/td>\n<td width=\"80\">\u00d6<\/td>\n<td width=\"185\">Basel<\/td>\n<td width=\"51\">10<\/td>\n<\/tr>\n<tr>\n<td width=\"37\">BF<\/td>\n<td width=\"360\">Im Freienhof, Seite Steinenberg<\/td>\n<td width=\"80\">\u00d6<\/td>\n<td width=\"185\">Basel<\/td>\n<td width=\"51\">3<\/td>\n<\/tr>\n<tr>\n<td width=\"37\">BrB<\/td>\n<td width=\"360\">Elisabethen-Brunnen, Elisabethenstrasse &#8211; Klosterberg<\/td>\n<td width=\"80\">\u00d6<\/td>\n<td width=\"185\">Basel<\/td>\n<td width=\"51\">7<\/td>\n<\/tr>\n<tr>\n<td width=\"37\">BB<\/td>\n<td width=\"360\">Gerbergasse &#8211; R\u00fcdengasse<\/td>\n<td width=\"80\">\u00d6<\/td>\n<td width=\"185\">Basel<\/td>\n<td width=\"51\">20<\/td>\n<\/tr>\n<tr>\n<td width=\"37\">BF<\/td>\n<td width=\"360\">An der Hauptpost, Seite Gerbergasse<\/td>\n<td width=\"80\">\u00d6<\/td>\n<td width=\"185\">Basel<\/td>\n<td width=\"51\">21<\/td>\n<\/tr>\n<tr>\n<td width=\"37\">BB<\/td>\n<td width=\"360\">Eulerstrasse &#8211; Leimenstrasse<\/td>\n<td width=\"80\">\u00d6<\/td>\n<td width=\"185\">Basel<\/td>\n<td width=\"51\">25<\/td>\n<\/tr>\n<tr>\n<td width=\"37\">BF<\/td>\n<td width=\"360\">Wettsteinbr\u00fccke Grossbasel Rheinaufw\u00e4rts<\/td>\n<td width=\"80\">\u00d6<\/td>\n<td width=\"185\">Basel<\/td>\n<td width=\"51\">26<\/td>\n<\/tr>\n<tr>\n<td width=\"37\">BF<\/td>\n<td width=\"360\">Lange Erlen, Br\u00fcckenbasilisk<\/td>\n<td width=\"80\">\u00d6<\/td>\n<td width=\"185\">Basel<\/td>\n<td width=\"51\">34<\/td>\n<\/tr>\n<tr>\n<td width=\"37\">BF<\/td>\n<td width=\"360\">Sch\u00fctzenmattstrasse 35. Hinterhof &#8222;Stadtmusik Basel&#8220;<\/td>\n<td width=\"80\">\u00d6<\/td>\n<td width=\"185\">Basel<\/td>\n<td width=\"51\">13<\/td>\n<\/tr>\n<tr>\n<td width=\"37\"><\/td>\n<td width=\"360\"><strong>Nicht im Buch Schweiz<\/strong><\/td>\n<td width=\"80\"><\/td>\n<td width=\"185\"><\/td>\n<td width=\"51\"><\/td>\n<\/tr>\n<tr>\n<td width=\"37\">BB<\/td>\n<td width=\"360\">Bruderholzstrasse 104. Im Innenhof beim Alters- und Pflegeheim Gundeldingen Caf\u00e9 Momo<\/td>\n<td width=\"80\">P<\/td>\n<td width=\"185\">Basel<\/td>\n<td width=\"51\"><\/td>\n<\/tr>\n<tr>\n<td width=\"37\">BB<\/td>\n<td width=\"360\">Dittingerstrasse 34<\/td>\n<td width=\"80\">P<\/td>\n<td width=\"185\">Basel<\/td>\n<td width=\"51\"><\/td>\n<\/tr>\n<tr>\n<td width=\"37\">BB<\/td>\n<td width=\"360\">Leonhardsgraben 11. Im Garten von Bodega Espa\u00f1a<\/td>\n<td width=\"80\">P<\/td>\n<td width=\"185\">Basel<\/td>\n<td width=\"51\"><\/td>\n<\/tr>\n<tr>\n<td width=\"37\">BF<\/td>\n<td width=\"360\">St. Johanns-Vorstadt 29. Im Restaurant &#8222;zur M\u00e4gd&#8220;<\/td>\n<td width=\"80\">P<\/td>\n<td width=\"185\">Basel<\/td>\n<td width=\"51\"><\/td>\n<\/tr>\n<tr>\n<td width=\"37\">BF<\/td>\n<td width=\"360\">Im Lohnhof. Oben am Eingangs Tor<\/td>\n<td width=\"80\">\u00d6<\/td>\n<td width=\"185\">Basel<\/td>\n<td width=\"51\"><\/td>\n<\/tr>\n<tr>\n<td width=\"37\">BB<\/td>\n<td width=\"360\">Benkenstrasse 46. Benkenpark<\/td>\n<td width=\"80\">\u00d6<\/td>\n<td width=\"185\">Basel<\/td>\n<td width=\"51\"><\/td>\n<\/tr>\n<tr>\n<td width=\"37\">BF<\/td>\n<td width=\"360\">Steinentorstrasse 45<\/td>\n<td width=\"80\">\u00d6<\/td>\n<td width=\"185\">Basel<\/td>\n<td width=\"51\"><\/td>\n<\/tr>\n<tr>\n<td width=\"37\">BF<\/td>\n<td width=\"360\">Freie Strasse 12. Hauptpost im Giebel<\/td>\n<td width=\"80\">\u00d6<\/td>\n<td width=\"185\">Basel<\/td>\n<td width=\"51\"><\/td>\n<\/tr>\n<tr>\n<td width=\"37\">BF<\/td>\n<td width=\"360\">Innere Margarethenstrasse 15, Wappen Sans-G\u00eane Clique<\/td>\n<td width=\"80\">\u00d6<\/td>\n<td width=\"185\">Basel<\/td>\n<td width=\"51\"><\/td>\n<\/tr>\n<tr>\n<td width=\"37\">BF<\/td>\n<td width=\"360\">Blumenrain 8. Hotel Les Trois Rois \u00fcber dem Eingang Ballsaal<\/td>\n<td width=\"80\">\u00d6<\/td>\n<td width=\"185\">Basel<\/td>\n<td width=\"51\"><\/td>\n<\/tr>\n<tr>\n<td width=\"37\">BF<\/td>\n<td width=\"360\">Hegenheimerstrasse 160 \/ Ecke Ensisheimerstrasse. Graffiti an Trafohaus<\/td>\n<td width=\"80\">\u00d6<\/td>\n<td width=\"185\">Basel<\/td>\n<td width=\"51\"><\/td>\n<\/tr>\n<tr>\n<td width=\"37\">BF<\/td>\n<td width=\"360\">Kleine Br\u00fccke \u00fcber Birs beim Gartenbad St. Jakob, Graffiti an Pfeiler<\/td>\n<td width=\"80\">\u00d6<\/td>\n<td width=\"185\">Basel<\/td>\n<td width=\"51\"><\/td>\n<\/tr>\n<tr>\n<td width=\"37\">BF<\/td>\n<td width=\"360\">Ueli G\u00e4ssli Basel (Tunnel zwischen Rheingasse und Oberen Rheinweg). Graffiti<\/td>\n<td width=\"80\">\u00d6<\/td>\n<td width=\"185\">Basel<\/td>\n<td width=\"51\"><\/td>\n<\/tr>\n<tr>\n<td width=\"37\">BF<\/td>\n<td width=\"360\">Thiersteinerallee 51. Im Hof der Heiliggeistkirche<\/td>\n<td width=\"80\">\u00d6<\/td>\n<td width=\"185\">Basel<\/td>\n<td width=\"51\"><\/td>\n<\/tr>\n<tr>\n<td width=\"37\">BB<\/td>\n<td width=\"360\">Malzgasse 30, 4052 Basel, Gesundheitsdepartement (stand fr\u00fcher auf dem Areal des Felix Platter-Spitals)<\/td>\n<td width=\"80\">\u00d6<\/td>\n<td width=\"185\">Basel<\/td>\n<td width=\"51\"><\/td>\n<\/tr>\n<tr>\n<td width=\"37\">BB<\/td>\n<td width=\"360\">Schw\u00f6rstadterstrasse Bau 67 Roche<\/td>\n<td width=\"80\">P<\/td>\n<td width=\"185\">Basel<\/td>\n<td width=\"51\"><\/td>\n<\/tr>\n<tr>\n<td width=\"37\">BB<\/td>\n<td width=\"360\">im tiefen Boden<\/td>\n<td width=\"80\">P<\/td>\n<td width=\"185\">Basel<\/td>\n<td width=\"51\"><\/td>\n<\/tr>\n<tr>\n<td width=\"37\">BB<\/td>\n<td width=\"360\">Giornico Promenade<\/td>\n<td width=\"80\">P<\/td>\n<td width=\"185\">Basel<\/td>\n<td width=\"51\"><\/td>\n<\/tr>\n<tr>\n<td width=\"37\">BF<\/td>\n<td width=\"360\">Steinenbachg\u00e4sslein<\/td>\n<td width=\"80\">\u00d6<\/td>\n<td width=\"185\">Basel<\/td>\n<td width=\"51\"><\/td>\n<\/tr>\n<tr>\n<td width=\"37\">BF<\/td>\n<td width=\"360\">Riehentorstrasse 15 Trommelbau Schlebach<\/td>\n<td width=\"80\">\u00d6<\/td>\n<td width=\"185\">Basel<\/td>\n<td width=\"51\"><\/td>\n<\/tr>\n<tr>\n<td width=\"37\">BF<\/td>\n<td width=\"360\">Lindenberg, Gasenk\u00fcche<\/td>\n<td width=\"80\">\u00d6<\/td>\n<td width=\"185\">Basel<\/td>\n<td width=\"51\"><\/td>\n<\/tr>\n<tr>\n<td width=\"37\">BF<\/td>\n<td width=\"360\">Rittergasse 1, Bischofshof<\/td>\n<td width=\"80\">\u00d6<\/td>\n<td width=\"185\">Basel<\/td>\n<td width=\"51\"><\/td>\n<\/tr>\n<tr>\n<td width=\"37\">BF<\/td>\n<td width=\"360\">Freie-Strasse 39, Haus zum Eisenhut<\/td>\n<td width=\"80\">\u00d6<\/td>\n<td width=\"185\">Basel<\/td>\n<td width=\"51\"><\/td>\n<\/tr>\n<tr>\n<td width=\"37\">BF<\/td>\n<td width=\"360\">M\u00fcnchensteinerstrasse 4<\/td>\n<td width=\"80\">\u00d6<\/td>\n<td width=\"185\">Basel<\/td>\n<td width=\"51\"><\/td>\n<\/tr>\n<tr>\n<td width=\"37\">BB<\/td>\n<td width=\"360\">Schlossgasse, unten bei der Mauer<\/td>\n<td width=\"80\">\u00d6<\/td>\n<td width=\"185\">Binningen<\/td>\n<td width=\"51\"><\/td>\n<\/tr>\n<tr>\n<td width=\"37\">BB<\/td>\n<td width=\"360\">Schulhausplatz<\/td>\n<td width=\"80\">\u00d6<\/td>\n<td width=\"185\">Anwil BL<\/td>\n<td width=\"51\"><\/td>\n<\/tr>\n<tr>\n<td width=\"37\">BF<\/td>\n<td width=\"360\">Kraftwerkstrasse 6 4302 Augst. Maschinengeb\u00e4ude Kraftwerk<\/td>\n<td width=\"80\">\u00d6<\/td>\n<td width=\"185\">Augst<\/td>\n<td width=\"51\"><\/td>\n<\/tr>\n<tr>\n<td width=\"37\">BF<\/td>\n<td width=\"360\">Universit\u00e4t Bern; Aufgang im Hauptgeb\u00e4ude<\/td>\n<td width=\"80\">\u00d6<\/td>\n<td width=\"185\">Bern<\/td>\n<td width=\"51\"><\/td>\n<\/tr>\n<tr>\n<td width=\"37\">BB<\/td>\n<td width=\"360\">Sihlstrasse Tram-Haltestelle<\/td>\n<td width=\"80\">\u00d6<\/td>\n<td width=\"185\">Z\u00fcrich<\/td>\n<td width=\"51\"><\/td>\n<\/tr>\n<tr>\n<td width=\"37\">BB<\/td>\n<td width=\"360\">Klusstrasse 40<\/td>\n<td width=\"80\">P<\/td>\n<td width=\"185\">Z\u00fcrich<\/td>\n<td width=\"51\"><\/td>\n<\/tr>\n<tr>\n<td width=\"37\">BB<\/td>\n<td width=\"360\">&#8212;<\/td>\n<td width=\"80\">\u00d6<\/td>\n<td width=\"185\">Pruntrut<\/td>\n<td width=\"51\"><\/td>\n<\/tr>\n<tr>\n<td width=\"37\">BF<\/td>\n<td width=\"360\">Rippertschwand Vierwaldst\u00e4tter See bei Meggen, Br\u00fcckenbasilisk<\/td>\n<td width=\"80\">P<\/td>\n<td width=\"185\">Meggen LU<\/td>\n<td width=\"51\"><\/td>\n<\/tr>\n<tr>\n<td width=\"37\">BF<\/td>\n<td width=\"360\">Weiler; Sur En, Haus mit Basilisken- Sgrafitto<\/td>\n<td width=\"80\">P<\/td>\n<td width=\"185\">Scuol<\/td>\n<td width=\"51\"><\/td>\n<\/tr>\n<tr>\n<td width=\"37\"><\/td>\n<td width=\"360\"><strong>Nicht im Buch Ausland<\/strong><\/td>\n<td width=\"80\"><\/td>\n<td width=\"185\"><\/td>\n<td width=\"51\"><\/td>\n<\/tr>\n<tr>\n<td width=\"37\">BB<\/td>\n<td width=\"360\">Auf dem Platz bei der rue Louis Pasteur, der rue de la Somme- und der Passage Central<\/td>\n<td width=\"80\">\u00d6<\/td>\n<td width=\"185\">Mulhouse<\/td>\n<td width=\"51\"><\/td>\n<\/tr>\n<tr>\n<td width=\"37\">BB<\/td>\n<td width=\"360\">Abbatucci beim Place de la Victoire<\/td>\n<td width=\"80\">\u00d6<\/td>\n<td width=\"185\">Hunigue<\/td>\n<td width=\"51\"><\/td>\n<\/tr>\n<tr>\n<td width=\"37\">BB<\/td>\n<td width=\"360\">Platz vor dem Rathaus<\/td>\n<td width=\"80\">\u00d6<\/td>\n<td width=\"185\">Hausen D<\/td>\n<td width=\"51\"><\/td>\n<\/tr>\n<tr>\n<td width=\"37\">BB<\/td>\n<td width=\"360\">Ecke Basler- und Spiegelstrasse<\/td>\n<td width=\"80\">\u00d6<\/td>\n<td width=\"185\">Neuenburg am Rhein<\/td>\n<td width=\"51\"><\/td>\n<\/tr>\n<tr>\n<td width=\"37\">BB<\/td>\n<td width=\"360\">Stadtpark<\/td>\n<td width=\"80\">\u00d6<\/td>\n<td width=\"185\">Wien<\/td>\n<td width=\"51\"><\/td>\n<\/tr>\n<tr>\n<td width=\"37\">BB<\/td>\n<td width=\"360\">rue Mar\u00e9chal Leclerc, rue du Burgrain<\/td>\n<td width=\"80\">\u00d6<\/td>\n<td width=\"185\">Hattstatt F<\/td>\n<td width=\"51\"><\/td>\n<\/tr>\n<tr>\n<td width=\"37\">BB<\/td>\n<td width=\"360\">&#8212;<\/td>\n<td width=\"80\">\u00d6<\/td>\n<td width=\"185\">Jerusalem<\/td>\n<td width=\"51\"><\/td>\n<\/tr>\n<tr>\n<td width=\"37\">BB<\/td>\n<td width=\"360\">Baumann Garten &#8211; Sad in. A. Baumana<\/td>\n<td width=\"80\">\u00d6<\/td>\n<td width=\"185\">Moskau<\/td>\n<td width=\"51\"><\/td>\n<\/tr>\n<tr>\n<td width=\"37\">BB<\/td>\n<td width=\"360\">15 Bates Farm Lane in Darien<\/td>\n<td width=\"80\">P<\/td>\n<td width=\"185\">Connecticut, USA<\/td>\n<td width=\"51\"><\/td>\n<\/tr>\n<tr>\n<td width=\"37\">BB<\/td>\n<td width=\"360\">Bei der Kreuzung der Beijing West Rd und der North-South Elevated<\/td>\n<td width=\"80\">\u00d6<\/td>\n<td width=\"185\">Shanghai<\/td>\n<td width=\"51\"><\/td>\n<\/tr>\n<tr>\n<td width=\"37\">BB<\/td>\n<td width=\"360\">&#8212;<\/td>\n<td width=\"80\">\u00d6<\/td>\n<td width=\"185\">Kunming China<\/td>\n<td width=\"51\"><\/td>\n<\/tr>\n<\/tbody>\n<\/table>\n<p>BF = Basilisk-Figur, BB= Basiliskenbrunnen, BrB= Brunnen mit Basilisk, \u00d6 = \u00d6ffentlich P = Privat<\/p>\n ","protected":false},"excerpt":{"rendered":"<p>Diese Liste ist sicher nicht abgeschlossen. Bei jeder Meldung unter: Basilisk melden wird diese Liste erg\u00e4nzt. Die Liste kann hier auch heruntergeladen [&hellip;]<\/p>\n","protected":false},"author":1,"featured_media":0,"parent":0,"menu_order":0,"comment_status":"closed","ping_status":"closed","template":"","meta":{"footnotes":""},"class_list":["post-1321","page","type-page","status-publish","hentry"],"_links":{"self":[{"href":"https:\/\/basilia-basel.ch\/index.php?rest_route=\/wp\/v2\/pages\/1321","targetHints":{"allow":["GET"]}}],"collection":[{"href":"https:\/\/basilia-basel.ch\/index.php?rest_route=\/wp\/v2\/pages"}],"about":[{"href":"https:\/\/basilia-basel.ch\/index.php?rest_route=\/wp\/v2\/types\/page"}],"author":[{"embeddable":true,"href":"https:\/\/basilia-basel.ch\/index.php?rest_route=\/wp\/v2\/users\/1"}],"replies":[{"embeddable":true,"href":"https:\/\/basilia-basel.ch\/index.php?rest_route=%2Fwp%2Fv2%2Fcomments&post=1321"}],"version-history":[{"count":17,"href":"https:\/\/basilia-basel.ch\/index.php?rest_route=\/wp\/v2\/pages\/1321\/revisions"}],"predecessor-version":[{"id":1398,"href":"https:\/\/basilia-basel.ch\/index.php?rest_route=\/wp\/v2\/pages\/1321\/revisions\/1398"}],"wp:attachment":[{"href":"https:\/\/basilia-basel.ch\/index.php?rest_route=%2Fwp%2Fv2%2Fmedia&parent=1321"}],"curies":[{"name":"wp","href":"https:\/\/api.w.org\/{rel}","templated":true}]}}